{"id":2420,"date":"2025-10-27T15:16:56","date_gmt":"2025-10-27T15:16:56","guid":{"rendered":"https:\/\/semillasdelhuila.com\/?page_id=2420"},"modified":"2026-01-07T15:23:36","modified_gmt":"2026-01-07T15:23:36","slug":"procedimiento-de-quejas-y-reclamos","status":"publish","type":"page","link":"https:\/\/semillasdelhuila.com\/?page_id=2420","title":{"rendered":"PROCEDIMIENTO DE QUEJAS Y RECLAMOS"},"content":{"rendered":"\t\t<div data-elementor-type=\"wp-page\" data-elementor-id=\"2420\" class=\"elementor elementor-2420\" data-elementor-post-type=\"page\">\n\t\t\t\t<div class=\"elementor-element elementor-element-1bec119 e-con-full e-flex e-con e-parent\" data-id=\"1bec119\" data-element_type=\"container\" data-settings=\"{&quot;background_background&quot;:&quot;classic&quot;}\">\n\t\t\t\t<div class=\"elementor-element elementor-element-d8ca4c3 elementor-widget elementor-widget-heading\" data-id=\"d8ca4c3\" data-element_type=\"widget\" data-widget_type=\"heading.default\">\n\t\t\t\t\t<h2 class=\"elementor-heading-title elementor-size-default\">PROCEDIMIENTO <br>\nDE QUEJAS <br>\nY RECLAMOS<\/h2>\t\t\t\t<\/div>\n\t\t\t\t<\/div>\n\t\t<div class=\"elementor-element elementor-element-f35e7c2 e-flex e-con-boxed e-con e-parent\" data-id=\"f35e7c2\" data-element_type=\"container\">\n\t\t\t\t\t<div class=\"e-con-inner\">\n\t\t\t\t<div class=\"elementor-element elementor-element-1691007 elementor-widget elementor-widget-text-editor\" data-id=\"1691007\" data-element_type=\"widget\" data-widget_type=\"text-editor.default\">\n\t\t\t\t\t\t\t\t\t<p><strong>Estimado Cliente:<\/strong> Dentro de nuestros procesos de mejora continua y con el fin de establecer par\u00e1metros claros para el manejo de las quejas y Reclamos, hemos desarrollado un procedimiento que se resume en los siguientes puntos:<\/p>\t\t\t\t\t\t\t\t<\/div>\n\t\t\t\t\t<\/div>\n\t\t\t\t<\/div>\n\t\t<div class=\"elementor-element elementor-element-698ce5f e-con-full e-flex e-con e-parent\" data-id=\"698ce5f\" data-element_type=\"container\" data-settings=\"{&quot;background_background&quot;:&quot;classic&quot;}\">\n\t\t\t\t<div class=\"elementor-element elementor-element-46b97c2 elementor-widget elementor-widget-heading\" data-id=\"46b97c2\" data-element_type=\"widget\" data-widget_type=\"heading.default\">\n\t\t\t\t\t<h1 class=\"elementor-heading-title elementor-size-default\">PROCEDIMIENTO<\/h1>\t\t\t\t<\/div>\n\t\t\t\t<div class=\"elementor-element elementor-element-583e479 elementor-widget elementor-widget-html\" data-id=\"583e479\" data-element_type=\"widget\" data-widget_type=\"html.default\">\n\t\t\t\t\t<div class=\"procedimiento-container\">\r\n    <div class=\"procedimiento-grid\">\r\n\r\n      <div class=\"columna\">\r\n        <div class=\"paso\">\r\n          <div class=\"numero\">1<\/div>\r\n          <p><strong>Informar al Representante comercial<\/strong> sobre la queja o reclamo.<\/p>\r\n          <p>\r\n            Comunicarse a los tel\u00e9fonos:<br>\r\n            <strong>Celular:<\/strong><br>\r\n            317 667-7823 - Huila<br>\r\n            316 393-7003 - Meta<br>\r\n            310 296-2361 - Casanare<br>\r\n            320 223-8313 - Tolima\r\n          <\/p>\r\n          <p>\r\n            Tambi\u00e9n puede comunicarse directamente a la planta principal de la empresa<br>\r\n            <strong>Neiva:<\/strong> 315 867-2674\r\n          <\/p>\r\n        <\/div>\r\n\r\n        <div class=\"paso\">\r\n          <div class=\"numero\">2<\/div>\r\n          <p>Se realiza <strong>Visita T\u00e9cnica<\/strong> para determinar las causas del reclamo.<\/p>\r\n          <p>\r\n            <a href=\"https:\/\/www.semillasdelhuila.com\" target=\"_blank\">www.semillasdelhuila.com<\/a><br>\r\n            contacto@semillasdelhuila.com\r\n          <\/p>\r\n        <\/div>\r\n      <\/div>\r\n\r\n      <div class=\"columna\">\r\n        <div class=\"paso\">\r\n          <div class=\"numero\">3<\/div>\r\n          <p>\r\n            Se determinan las causas de la queja o reclamo. Se toman acciones para dar soluci\u00f3n.\r\n            Si aplica a la semilla, se determinan las actividades a realizar.\r\n            Cuando No aplica a la semilla, se da respuesta al cliente con argumentos t\u00e9cnicos\r\n            de por qu\u00e9 No aplica a la semilla el reclamo realizado.\r\n          <\/p>\r\n        <\/div>\r\n\r\n        <div class=\"paso\">\r\n          <div class=\"numero\">4<\/div>\r\n          <p>\r\n            Se re\u00fane el <strong>Comit\u00e9 T\u00e9cnico<\/strong> y determina qu\u00e9 actividades se debe realizar\r\n            para cerrar la queja y el plazo de ejecuci\u00f3n.\r\n          <\/p>\r\n        <\/div>\r\n\r\n        <div class=\"paso\">\r\n          <div class=\"numero\">5<\/div>\r\n          <p>\r\n            <strong>Se realiza visita de seguimiento.<\/strong><br>\r\n            Los reclamos recibidos por calidad del producto se regir\u00e1n por los par\u00e1metros establecidos\r\n            en las resoluciones del ICA vigentes para cada producto.\r\n          <\/p>\r\n        <\/div>\r\n      <\/div>\r\n\r\n    <\/div>\r\n  <\/div>\t\t\t\t<\/div>\n\t\t\t\t<\/div>\n\t\t<div class=\"elementor-element elementor-element-52e05c4 e-con-full e-flex e-con e-parent\" data-id=\"52e05c4\" data-element_type=\"container\" data-settings=\"{&quot;background_background&quot;:&quot;classic&quot;}\">\n\t\t\t\t<div class=\"elementor-element elementor-element-b41409f elementor-widget elementor-widget-heading\" data-id=\"b41409f\" data-element_type=\"widget\" data-widget_type=\"heading.default\">\n\t\t\t\t\t<h1 class=\"elementor-heading-title elementor-size-default\">CAUSAS DE LAS QUEJAS <br>\nO RECLAMOS<\/h1>\t\t\t\t<\/div>\n\t\t\t\t<div class=\"elementor-element elementor-element-af87a72 elementor-widget__width-initial elementor-widget elementor-widget-text-editor\" data-id=\"af87a72\" data-element_type=\"widget\" data-widget_type=\"text-editor.default\">\n\t\t\t\t\t\t\t\t\t<ul>\n \t<li style=\"list-style-type: none;\">\n<ul>\n \t<li><strong>Calidad del empaque o Problemas con Etiqueta <\/strong>\nEl cliente cuenta hasta con 5 d\u00edas a partir de la fecha de recepci\u00f3n del producto. Luego de 5 d\u00edas Semillas del Huila S.A. se reserva el derecho de decidir si acepta o no la reclamaci\u00f3n.<\/li>\n<\/ul>\n<\/li>\n<\/ul>\n&nbsp;\n<ul>\n \t<li style=\"list-style-type: none;\">\n<ul>\n \t<li><strong>Faltante y\/o Producto en Mal Estado<\/strong>\nFaltante y\/o Producto en Mal Estado\nAl momento de recibir el producto el cliente debe verificar que las semillas est\u00e9n conforme a lo relacionado en la factura o remisi\u00f3n. De no realizar observaciones en la factura o remisi\u00f3n al momento de recibir los productos, se entender\u00e1 que se recibi\u00f3 a satisfacci\u00f3n y no habr\u00e1 lugar a reclamaciones posteriores.<\/li>\n<\/ul>\n<\/li>\n<\/ul>\n&nbsp;\n<ul>\n \t<li style=\"list-style-type: none;\">\n<ul>\n \t<li><strong>Problemas de germinaci\u00f3n<\/strong>\nSe verifica las causas de la baja germinaci\u00f3n, que puede ser por:\n<ul>\n \t<li>Aplicaci\u00f3n de productos en el lote que inhibe germinaci\u00f3n.<\/li>\n \t<li>Manejos culturales inadecuados, voleo, semilla destapada, exceso o deficiencia de agua, siembras muy profundas, lotes con poca preparaci\u00f3n, entre otros.<\/li>\n \t<li>Vencimiento del producto. Una vez entregada la semilla al cliente, se debe tener en cuenta los siguientes plazos para presentar reclamaci\u00f3n seg\u00fan Res.<\/li>\n<\/ul>\n<\/li>\n<\/ul>\n<\/li>\n<\/ul>\n&nbsp;\n<ul>\n \t<li style=\"list-style-type: none;\">\n<ul>\n \t<li><strong>ICA 15141 de 2024 Germinaci\u00f3n:<\/strong>\nHasta 30 d\u00edas calendario despu\u00e9s de facturada la semilla al agricultor.<\/li>\n<\/ul>\n<\/li>\n<\/ul>\n&nbsp;\n<ul>\n \t<li><strong>Presencia de malezas, presencia de plagas.<\/strong>\nAl momento de recibir el producto el cliente debe verificar que las semillas est\u00e9n conforme a los par\u00e1metros de calidad establecidos por el ICA. Una vez entregada la semilla al cliente, se debe tener en cuenta los siguientes plazos para presentar reclamaci\u00f3n seg\u00fan Res. ICA 15141 de 2024:\n<ul>\n \t<li style=\"list-style-type: none;\">\n<ul>\n \t<li><b>Pureza f\u00edsica:<\/b> Antes de la siembra<\/li>\n \t<li><b>Estado sanitario:<\/b> en cualquier momento, siempre que la enfermedad sea transmitida por la semilla objeto de reclamaci\u00f3n.<\/li>\n<\/ul>\n<\/li>\n<\/ul>\n\t\t\t\t\t\t\t\t<\/div>\n\t\t\t\t<\/div>\n\t\t<div class=\"elementor-element elementor-element-07af2c1 e-con-full e-flex e-con e-parent\" data-id=\"07af2c1\" data-element_type=\"container\" data-settings=\"{&quot;background_background&quot;:&quot;classic&quot;}\">\n\t\t\t\t<div class=\"elementor-element elementor-element-b16dad7 elementor-widget elementor-widget-heading\" data-id=\"b16dad7\" data-element_type=\"widget\" data-widget_type=\"heading.default\">\n\t\t\t\t\t<h1 class=\"elementor-heading-title elementor-size-default\">RESPONSABILIDAD <br>\nLIMITADA<\/h1>\t\t\t\t<\/div>\n\t\t\t\t<div class=\"elementor-element elementor-element-adef283 elementor-widget__width-initial elementor-widget elementor-widget-text-editor\" data-id=\"adef283\" data-element_type=\"widget\" data-widget_type=\"text-editor.default\">\n\t\t\t\t\t\t\t\t\t<p>Sin perjuicio de lo establecido en las normas de la legislaci\u00f3n colombiana, la<br \/>responsabilidad de Semillas del Huila S.A. por incumplimiento de contrato,<br \/>responsabilidad civil, objetiva o de cualquier naturaleza, en ning\u00fan caso<br \/>podr\u00e1 exceder el monto total pagado por el cliente como precio total del<br \/>producto objeto de la reclamaci\u00f3n, independientemente del fundamento de<br \/>la acci\u00f3n respectiva<\/p>\t\t\t\t\t\t\t\t<\/div>\n\t\t\t\t<\/div>\n\t\t<div class=\"elementor-element elementor-element-c335e9d e-flex e-con-boxed e-con e-parent\" data-id=\"c335e9d\" data-element_type=\"container\">\n\t\t\t\t\t<div class=\"e-con-inner\">\n\t\t<div class=\"elementor-element elementor-element-346f05d e-con-full e-flex e-con e-child\" data-id=\"346f05d\" data-element_type=\"container\" data-settings=\"{&quot;background_background&quot;:&quot;classic&quot;}\">\n\t\t\t\t<div class=\"elementor-element elementor-element-c87b607 elementor-widget elementor-widget-heading\" data-id=\"c87b607\" data-element_type=\"widget\" data-widget_type=\"heading.default\">\n\t\t\t\t\t<h2 class=\"elementor-heading-title elementor-size-default\">\u00bfC\u00f3mo radicar una PQRSF en Semillas del Huila?<\/h2>\t\t\t\t<\/div>\n\t\t\t\t<div class=\"elementor-element elementor-element-ed79141 elementor-widget elementor-widget-text-editor\" data-id=\"ed79141\" data-element_type=\"widget\" data-widget_type=\"text-editor.default\">\n\t\t\t\t\t\t\t\t\t<p>Para radicar de manera correcta una PQRSF (Peticiones, Quejas, Reclamos, Sugerencias o Felicitaciones) en Semillas del Huila, sigue estos pasos:<\/p><p><strong>Accede al enlace<\/strong> disponible en el bot\u00f3n correspondiente del sitio web.<\/p><p><strong>Completa el formulario<\/strong> con la informaci\u00f3n solicitada de forma clara y precisa.<\/p><p><strong>Env\u00eda el formulario<\/strong> al correo electr\u00f3nico: contacto@semillasdelhuila.com<\/p>\t\t\t\t\t\t\t\t<\/div>\n\t\t\t\t<\/div>\n\t\t<div class=\"elementor-element elementor-element-092dddf e-con-full e-flex e-con e-child\" data-id=\"092dddf\" data-element_type=\"container\">\n\t\t\t\t<div class=\"elementor-element elementor-element-2aa841e elementor-align-center elementor-widget__width-initial elementor-widget elementor-widget-button\" data-id=\"2aa841e\" data-element_type=\"widget\" data-widget_type=\"button.default\">\n\t\t\t\t\t\t\t\t\t\t<a class=\"elementor-button elementor-button-link elementor-size-sm elementor-animation-grow\" href=\"https:\/\/semillasdelhuila.com\/wp-content\/uploads\/2025\/11\/FORMATO-RECEPCION-QUEJAS-Y-RECLAMOS-2025.pdf\">\n\t\t\t\t\t\t<span class=\"elementor-button-content-wrapper\">\n\t\t\t\t\t\t\t\t\t<span class=\"elementor-button-text\">Descarga el formato de recepci\u00f3n de quejas y reclamos<\/span>\n\t\t\t\t\t<\/span>\n\t\t\t\t\t<\/a>\n\t\t\t\t\t\t\t\t<\/div>\n\t\t\t\t<\/div>\n\t\t\t\t\t<\/div>\n\t\t\t\t<\/div>\n\t\t<div class=\"elementor-element elementor-element-e464a8d e-flex e-con-boxed e-con e-parent\" data-id=\"e464a8d\" data-element_type=\"container\">\n\t\t\t\t\t<div class=\"e-con-inner\">\n\t\t\t\t<div class=\"elementor-element elementor-element-ac9c408 elementor-widget elementor-widget-heading\" data-id=\"ac9c408\" data-element_type=\"widget\" data-widget_type=\"heading.default\">\n\t\t\t\t\t<h2 class=\"elementor-heading-title elementor-size-default\">Formulario de preguntas<\/h2>\t\t\t\t<\/div>\n\t\t\t\t<div class=\"elementor-element elementor-element-cf2457b elementor-widget elementor-widget-shortcode\" data-id=\"cf2457b\" data-element_type=\"widget\" data-widget_type=\"shortcode.default\">\n\t\t\t\t\t\t\t<div class=\"elementor-shortcode\"><style id=\"wpforms-css-vars-2477\">\n\t\t\t\t#wpforms-2477 {\n\t\t\t\t--wpforms-field-border-radius: 20px;\n--wpforms-field-background-color: #ebfff0;\n--wpforms-field-border-color: rgba(0, 0, 0, 0.25);\n--wpforms-field-border-color-spare: rgba(0, 0, 0, 0.25);\n--wpforms-field-text-color: rgba(0, 0, 0, 0.7);\n--wpforms-label-color: rgba(0, 0, 0, 0.85);\n--wpforms-label-sublabel-color: rgba(0, 0, 0, 0.55);\n--wpforms-button-background-color: #07ad25;\n--wpforms-container-padding: 0px;\n--wpforms-container-border-width: 1px;\n--wpforms-container-border-radius: 3px;\n--wpforms-background-color: rgba(0, 0, 0, 0);\n--wpforms-field-size-input-height: 43px;\n--wpforms-field-size-input-spacing: 15px;\n--wpforms-field-size-font-size: 16px;\n--wpforms-field-size-line-height: 19px;\n--wpforms-field-size-padding-h: 14px;\n--wpforms-field-size-checkbox-size: 16px;\n--wpforms-field-size-sublabel-spacing: 5px;\n--wpforms-field-size-icon-size: 1;\n--wpforms-label-size-font-size: 16px;\n--wpforms-label-size-line-height: 19px;\n--wpforms-label-size-sublabel-font-size: 14px;\n--wpforms-label-size-sublabel-line-height: 17px;\n--wpforms-button-size-font-size: 17px;\n--wpforms-button-size-height: 41px;\n--wpforms-button-size-padding-h: 15px;\n--wpforms-button-size-margin-top: 10px;\n--wpforms-container-shadow-size-box-shadow: none;\n\t\t\t}\n\t\t\t<\/style><div class=\"wpforms-container wpforms-container-full wpforms-render-modern\" id=\"wpforms-2477\"><form id=\"wpforms-form-2477\" class=\"wpforms-validate wpforms-form wpforms-ajax-form\" data-formid=\"2477\" method=\"post\" enctype=\"multipart\/form-data\" action=\"\/index.php?rest_route=%2Fwp%2Fv2%2Fpages%2F2420\" data-token=\"d01f37309f0c6e4840480b0d39d03e79\" data-token-time=\"1776386868\"><noscript class=\"wpforms-error-noscript\">Por favor, activa JavaScript en tu navegador para completar este formulario.<\/noscript><div id=\"wpforms-error-noscript\" style=\"display: none;\">Por favor, activa JavaScript en tu navegador para completar este formulario.<\/div><div class=\"wpforms-field-container\"><div id=\"wpforms-2477-field_1-container\" class=\"wpforms-field wpforms-field-text\" data-field-id=\"1\"><label class=\"wpforms-field-label\" for=\"wpforms-2477-field_1\">Nombres y apellidos completos <span class=\"wpforms-required-label\" aria-hidden=\"true\">*<\/span><\/label><input type=\"text\" id=\"wpforms-2477-field_1\" class=\"wpforms-field-medium wpforms-field-required\" name=\"wpforms[fields][1]\" aria-errormessage=\"wpforms-2477-field_1-error\" required><\/div><div id=\"wpforms-2477-field_2-container\" class=\"wpforms-field wpforms-field-select wpforms-one-half wpforms-first wpforms-field-select-style-classic\" data-field-id=\"2\"><label class=\"wpforms-field-label\" for=\"wpforms-2477-field_2\">Tipo de identificaci\u00f3n <span class=\"wpforms-required-label\" aria-hidden=\"true\">*<\/span><\/label><select id=\"wpforms-2477-field_2\" class=\"wpforms-field-medium wpforms-field-required\" name=\"wpforms[fields][2]\" required=\"required\"><option value=\"C\u00e9dula de ciudadan\u00eda\"  class=\"choice-1 depth-1\"  >C\u00e9dula de ciudadan\u00eda<\/option><option value=\"C\u00e9dula de extranjer\u00eda\"  class=\"choice-2 depth-1\"  >C\u00e9dula de extranjer\u00eda<\/option><option value=\"Pasaporte\"  class=\"choice-3 depth-1\"  >Pasaporte<\/option><option value=\"Otro\"  class=\"choice-4 depth-1\"  >Otro<\/option><\/select><\/div><div id=\"wpforms-2477-field_3-container\" class=\"wpforms-field wpforms-field-text wpforms-one-half\" data-field-id=\"3\"><label class=\"wpforms-field-label\" for=\"wpforms-2477-field_3\">N\u00famero de identificaci\u00f3n <span class=\"wpforms-required-label\" aria-hidden=\"true\">*<\/span><\/label><input type=\"text\" id=\"wpforms-2477-field_3\" class=\"wpforms-field-medium wpforms-field-required\" name=\"wpforms[fields][3]\" aria-errormessage=\"wpforms-2477-field_3-error\" required><\/div><div id=\"wpforms-2477-field_18-container\" class=\"wpforms-field wpforms-field-number\" data-field-id=\"18\"><label class=\"wpforms-field-label\" for=\"wpforms-2477-field_18\">Tel\u00e9fono de contacto<\/label><input type=\"number\" id=\"wpforms-2477-field_18\" class=\"wpforms-field-medium\" name=\"wpforms[fields][18]\" step=\"any\" aria-errormessage=\"wpforms-2477-field_18-error\" ><\/div><div id=\"wpforms-2477-field_5-container\" class=\"wpforms-field wpforms-field-email\" data-field-id=\"5\"><label class=\"wpforms-field-label\" for=\"wpforms-2477-field_5\">Correo electr\u00f3nico <span class=\"wpforms-required-label\" aria-hidden=\"true\">*<\/span><\/label><input type=\"email\" id=\"wpforms-2477-field_5\" class=\"wpforms-field-medium wpforms-field-required\" name=\"wpforms[fields][5]\" spellcheck=\"false\" aria-errormessage=\"wpforms-2477-field_5-error\" required><\/div><div id=\"wpforms-2477-field_6-container\" class=\"wpforms-field wpforms-field-text\" data-field-id=\"6\"><label class=\"wpforms-field-label\" for=\"wpforms-2477-field_6\">Ciudad y departamento <span class=\"wpforms-required-label\" aria-hidden=\"true\">*<\/span><\/label><input type=\"text\" id=\"wpforms-2477-field_6\" class=\"wpforms-field-medium wpforms-field-required\" name=\"wpforms[fields][6]\" aria-errormessage=\"wpforms-2477-field_6-error\" required><\/div><div id=\"wpforms-2477-field_7-container\" class=\"wpforms-field wpforms-field-text\" data-field-id=\"7\"><label class=\"wpforms-field-label\" for=\"wpforms-2477-field_7\">Direcci\u00f3n (opcional)<\/label><input type=\"text\" id=\"wpforms-2477-field_7\" class=\"wpforms-field-medium\" name=\"wpforms[fields][7]\" aria-errormessage=\"wpforms-2477-field_7-error\" ><\/div><div id=\"wpforms-2477-field_8-container\" class=\"wpforms-field wpforms-field-select wpforms-field-select-style-classic\" data-field-id=\"8\"><label class=\"wpforms-field-label\" for=\"wpforms-2477-field_8\">Tipo de solicitud <span class=\"wpforms-required-label\" aria-hidden=\"true\">*<\/span><\/label><select id=\"wpforms-2477-field_8\" class=\"wpforms-field-medium wpforms-field-required\" name=\"wpforms[fields][8]\" required=\"required\"><option value=\"Petici\u00f3n\"  class=\"choice-1 depth-1\"  >Petici\u00f3n<\/option><option value=\"Queja\"  class=\"choice-2 depth-1\"  >Queja<\/option><option value=\"Reclamo\"  class=\"choice-3 depth-1\"  >Reclamo<\/option><option value=\"Sugerencia\"  class=\"choice-4 depth-1\"  >Sugerencia<\/option><option value=\"Felicitaci\u00f3n\"  class=\"choice-5 depth-1\"  >Felicitaci\u00f3n<\/option><\/select><\/div><div id=\"wpforms-2477-field_9-container\" class=\"wpforms-field wpforms-field-text\" data-field-id=\"9\"><label class=\"wpforms-field-label\" for=\"wpforms-2477-field_9\">Asunto de la solicitud <span class=\"wpforms-required-label\" aria-hidden=\"true\">*<\/span><\/label><input type=\"text\" id=\"wpforms-2477-field_9\" class=\"wpforms-field-medium wpforms-field-required\" name=\"wpforms[fields][9]\" aria-errormessage=\"wpforms-2477-field_9-error\" required><\/div>\t\t<div id=\"wpforms-2477-field_4-container\"\n\t\t\tclass=\"wpforms-field wpforms-field-text\"\n\t\t\tdata-field-type=\"text\"\n\t\t\tdata-field-id=\"4\"\n\t\t\t>\n\t\t\t<label class=\"wpforms-field-label\" for=\"wpforms-2477-field_4\" >de de caso,<\/label>\n\t\t\t<input type=\"text\" id=\"wpforms-2477-field_4\" class=\"wpforms-field-medium\" name=\"wpforms[fields][4]\" >\n\t\t<\/div>\n\t\t<div id=\"wpforms-2477-field_10-container\" class=\"wpforms-field wpforms-field-textarea\" data-field-id=\"10\"><label class=\"wpforms-field-label\" for=\"wpforms-2477-field_10\">Descripci\u00f3n detallada del caso, petici\u00f3n o situaci\u00f3n <span class=\"wpforms-required-label\" aria-hidden=\"true\">*<\/span><\/label><textarea id=\"wpforms-2477-field_10\" class=\"wpforms-field-medium wpforms-field-required\" name=\"wpforms[fields][10]\" aria-errormessage=\"wpforms-2477-field_10-error\" required><\/textarea><\/div><div id=\"wpforms-2477-field_16-container\" class=\"wpforms-field wpforms-field-checkbox\" data-field-id=\"16\"><fieldset><legend class=\"wpforms-field-label\">Autorizaci\u00f3n de tratamiento de datos <span class=\"wpforms-required-label\" aria-hidden=\"true\">*<\/span><\/legend><ul id=\"wpforms-2477-field_16\" class=\"wpforms-field-required\"><li class=\"choice-1 depth-1\"><input type=\"checkbox\" id=\"wpforms-2477-field_16_1\" name=\"wpforms[fields][16][]\" value=\"Autorizo el tratamiento de mis datos personales de acuerdo con la Pol\u00edtica de Protecci\u00f3n de Datos de Semillas del Huila.\" aria-errormessage=\"wpforms-2477-field_16_1-error\" required ><label class=\"wpforms-field-label-inline\" for=\"wpforms-2477-field_16_1\">Autorizo el tratamiento de mis datos personales de acuerdo con la Pol\u00edtica de Protecci\u00f3n de Datos de Semillas del Huila.<\/label><\/li><\/ul><\/fieldset><\/div><div id=\"wpforms-2477-field_17-container\" class=\"wpforms-field wpforms-field-checkbox\" data-field-id=\"17\"><fieldset><legend class=\"wpforms-field-label\">Confirmaci\u00f3n de veracidad de la informaci\u00f3n <span class=\"wpforms-required-label\" aria-hidden=\"true\">*<\/span><\/legend><ul id=\"wpforms-2477-field_17\" class=\"wpforms-field-required\"><li class=\"choice-1 depth-1\"><input type=\"checkbox\" id=\"wpforms-2477-field_17_1\" name=\"wpforms[fields][17][]\" value=\"Confirmo que la informaci\u00f3n proporcionada es ver\u00eddica.\" aria-errormessage=\"wpforms-2477-field_17_1-error\" required ><label class=\"wpforms-field-label-inline\" for=\"wpforms-2477-field_17_1\">Confirmo que la informaci\u00f3n proporcionada es ver\u00eddica.<\/label><\/li><\/ul><\/fieldset><\/div><script>\n\t\t\t\t( function() {\n\t\t\t\t\tconst style = document.createElement( 'style' );\n\t\t\t\t\tstyle.appendChild( document.createTextNode( '#wpforms-2477-field_4-container { position: absolute !important; overflow: hidden !important; display: inline !important; height: 1px !important; width: 1px !important; z-index: -1000 !important; padding: 0 !important; } #wpforms-2477-field_4-container input { visibility: hidden; } #wpforms-conversational-form-page #wpforms-2477-field_4-container label { counter-increment: none; }' ) );\n\t\t\t\t\tdocument.head.appendChild( style );\n\t\t\t\t\tdocument.currentScript?.remove();\n\t\t\t\t} )();\n\t\t\t<\/script><\/div><!-- .wpforms-field-container --><div class=\"wpforms-submit-container\" ><input type=\"hidden\" name=\"wpforms[id]\" value=\"2477\"><input type=\"hidden\" name=\"page_title\" value=\"\"><input type=\"hidden\" name=\"page_url\" value=\"https:\/\/semillasdelhuila.com\/index.php?rest_route=\/wp\/v2\/pages\/2420\"><input type=\"hidden\" name=\"url_referer\" value=\"\"><button type=\"submit\" name=\"wpforms[submit]\" id=\"wpforms-submit-2477\" class=\"wpforms-submit\" data-alt-text=\"Enviando...\" data-submit-text=\"Enviar formulario\" aria-live=\"assertive\" value=\"wpforms-submit\">Enviar formulario<\/button><img decoding=\"async\" src=\"https:\/\/semillasdelhuila.com\/wp-content\/plugins\/wpforms-lite\/assets\/images\/submit-spin.svg\" class=\"wpforms-submit-spinner\" style=\"display: none;\" width=\"26\" height=\"26\" alt=\"Cargando\"><\/div><\/form><\/div>  <!-- .wpforms-container --><\/div>\n\t\t\t\t\t\t<\/div>\n\t\t\t\t\t<\/div>\n\t\t\t\t<\/div>\n\t\t\t\t<\/div>\n\t\t","protected":false},"excerpt":{"rendered":"<p>PROCEDIMIENTO DE QUEJAS Y RECLAMOS Estimado Cliente: Dentro de nuestros procesos de mejora continua y con el fin de establecer par\u00e1metros claros para el manejo de las quejas y Reclamos, hemos desarrollado un procedimiento que se resume en los siguientes puntos: PROCEDIMIENTO 1 Informar al Representante comercial sobre la queja o reclamo. Comunicarse a los [&hellip;]<\/p>\n","protected":false},"author":1,"featured_media":0,"parent":0,"menu_order":0,"comment_status":"closed","ping_status":"closed","template":"elementor_header_footer","meta":{"footnotes":""},"class_list":["post-2420","page","type-page","status-publish","hentry"],"blocksy_meta":[],"_links":{"self":[{"href":"https:\/\/semillasdelhuila.com\/index.php?rest_route=\/wp\/v2\/pages\/2420","targetHints":{"allow":["GET"]}}],"collection":[{"href":"https:\/\/semillasdelhuila.com\/index.php?rest_route=\/wp\/v2\/pages"}],"about":[{"href":"https:\/\/semillasdelhuila.com\/index.php?rest_route=\/wp\/v2\/types\/page"}],"author":[{"embeddable":true,"href":"https:\/\/semillasdelhuila.com\/index.php?rest_route=\/wp\/v2\/users\/1"}],"replies":[{"embeddable":true,"href":"https:\/\/semillasdelhuila.com\/index.php?rest_route=%2Fwp%2Fv2%2Fcomments&post=2420"}],"version-history":[{"count":49,"href":"https:\/\/semillasdelhuila.com\/index.php?rest_route=\/wp\/v2\/pages\/2420\/revisions"}],"predecessor-version":[{"id":2517,"href":"https:\/\/semillasdelhuila.com\/index.php?rest_route=\/wp\/v2\/pages\/2420\/revisions\/2517"}],"wp:attachment":[{"href":"https:\/\/semillasdelhuila.com\/index.php?rest_route=%2Fwp%2Fv2%2Fmedia&parent=2420"}],"curies":[{"name":"wp","href":"https:\/\/api.w.org\/{rel}","templated":true}]}}