{"id":1621,"date":"2025-09-23T17:05:22","date_gmt":"2025-09-23T17:05:22","guid":{"rendered":"https:\/\/semillasdelhuila.com\/?page_id=1621"},"modified":"2025-10-07T20:27:23","modified_gmt":"2025-10-07T20:27:23","slug":"quienes-somos","status":"publish","type":"page","link":"https:\/\/semillasdelhuila.com\/?page_id=1621","title":{"rendered":"\u00bfQUIENES SOMOS?"},"content":{"rendered":"\t\t<div data-elementor-type=\"wp-page\" data-elementor-id=\"1621\" class=\"elementor elementor-1621\" data-elementor-post-type=\"page\">\n\t\t\t\t<div class=\"elementor-element elementor-element-54dc37d e-flex e-con-boxed e-con e-parent\" data-id=\"54dc37d\" data-element_type=\"container\">\n\t\t\t\t\t<div class=\"e-con-inner\">\n\t\t\t\t<div class=\"elementor-element elementor-element-c59db1b elementor-widget elementor-widget-heading\" data-id=\"c59db1b\" data-element_type=\"widget\" data-widget_type=\"heading.default\">\n\t\t\t\t\t<h2 class=\"elementor-heading-title elementor-size-default\">Quienes Somos<\/h2>\t\t\t\t<\/div>\n\t\t\t\t<div class=\"elementor-element elementor-element-57738c5 elementor-widget elementor-widget-heading\" data-id=\"57738c5\" data-element_type=\"widget\" data-widget_type=\"heading.default\">\n\t\t\t\t\t<h2 class=\"elementor-heading-title elementor-size-default\">Rese\u00f1a Historica<\/h2>\t\t\t\t<\/div>\n\t\t\t\t<div class=\"elementor-element elementor-element-7fe4529 elementor-widget__width-initial elementor-widget elementor-widget-text-editor\" data-id=\"7fe4529\" data-element_type=\"widget\" data-widget_type=\"text-editor.default\">\n\t\t\t\t\t\t\t\t\t<p>Fundada en 1977 en Neiva por 11 ingenieros agr\u00f3nomos, Semillas del Huila S.A. naci\u00f3 con el prop\u00f3sito de ofrecer a los agricultores semillas certificadas de arroz, respaldadas por<br \/>conocimiento t\u00e9cnico y acad\u00e9mico.<\/p><p>En sus inicios, la empresa construy\u00f3 sus primeras bodegas y adquiri\u00f3 equipos b\u00e1sicos para abastecer el mercado local. Gracias al crecimiento de la demanda, en 1990 inaugur\u00f3 una moderna planta con capacidad de producci\u00f3n de 8.000 a 10.000 toneladas anuales. En 1998 se convirti\u00f3 en sociedad an\u00f3nima, con la participaci\u00f3n de Molinos Roa S.A.<\/p><p>En 2010 cre\u00f3 su Centro de Investigaci\u00f3n en Fitomejoramiento, con sedes en Huila, Tolima, Meta y Casanare, para desarrollar variedades de arroz m\u00e1s productivas y rentables. Su compromiso con la innovaci\u00f3n y la calidad le ha permitido expandirse a mercados nacionales e internacionales.<\/p><p>Desde 2005 cuenta con la certificaci\u00f3n ISO 9001, garantizando procesos eficientes y mejora continua. Adem\u00e1s, como miembro de COPROSEM, participa en programas de investigaci\u00f3n y produce variedades de arroz como Coprosem 1, Coprosem 304, Oryzica Caribe 8 y sus propias SH-01, SH-26 y SH-27.<\/p>\t\t\t\t\t\t\t\t<\/div>\n\t\t\t\t\t<\/div>\n\t\t\t\t<\/div>\n\t\t<div class=\"elementor-element elementor-element-5c68f28 e-flex e-con-boxed e-con e-parent\" data-id=\"5c68f28\" data-element_type=\"container\">\n\t\t\t\t\t<div class=\"e-con-inner\">\n\t\t<div class=\"elementor-element elementor-element-4b4db4d e-con-full e-flex e-con e-child\" data-id=\"4b4db4d\" data-element_type=\"container\">\n\t\t<div class=\"elementor-element elementor-element-7f0be4b e-con-full e-flex e-con e-child\" data-id=\"7f0be4b\" data-element_type=\"container\" data-settings=\"{&quot;background_background&quot;:&quot;classic&quot;}\">\n\t\t\t\t<div class=\"elementor-element elementor-element-4971423 elementor-widget elementor-widget-text-editor\" data-id=\"4971423\" data-element_type=\"widget\" data-widget_type=\"text-editor.default\">\n\t\t\t\t\t\t\t\t\t<p><strong>Prop\u00f3sito<\/strong><\/p><p>Cultivar confianza y calidad con<br \/>semillas innovadoras que impulsan el<br \/>crecimiento de nuestros clientes,<br \/>agricultores y colaboradores,<br \/>fortaleciendo juntos el futuro del agro<\/p>\t\t\t\t\t\t\t\t<\/div>\n\t\t\t\t<\/div>\n\t\t\t\t<\/div>\n\t\t<div class=\"elementor-element elementor-element-97e93b0 e-con-full e-flex e-con e-child\" data-id=\"97e93b0\" data-element_type=\"container\">\n\t\t<div class=\"elementor-element elementor-element-2c941b6 e-con-full e-flex e-con e-child\" data-id=\"2c941b6\" data-element_type=\"container\" data-settings=\"{&quot;background_background&quot;:&quot;classic&quot;}\">\n\t\t\t\t<div class=\"elementor-element elementor-element-382f012 elementor-widget elementor-widget-text-editor\" data-id=\"382f012\" data-element_type=\"widget\" data-widget_type=\"text-editor.default\">\n\t\t\t\t\t\t\t\t\t<p><strong>Visi\u00f3n 2028<\/strong><\/p><p>Ser la productora n\u00famero uno, reconocida<br \/>por la calidad de sus semillas,<br \/>consolid\u00e1ndonos como una empresa<br \/>moderna, sostenible y rentable que<br \/>impulsa el crecimiento del agro con<br \/>innovaci\u00f3n y confianza<\/p>\t\t\t\t\t\t\t\t<\/div>\n\t\t\t\t<\/div>\n\t\t\t\t<\/div>\n\t\t\t\t\t<\/div>\n\t\t\t\t<\/div>\n\t\t<div class=\"elementor-element elementor-element-8f5bd74 e-flex e-con-boxed e-con e-parent\" data-id=\"8f5bd74\" data-element_type=\"container\">\n\t\t\t\t\t<div class=\"e-con-inner\">\n\t\t\t\t<div class=\"elementor-element elementor-element-42a6fc0 elementor-widget elementor-widget-heading\" data-id=\"42a6fc0\" data-element_type=\"widget\" data-widget_type=\"heading.default\">\n\t\t\t\t\t<h2 class=\"elementor-heading-title elementor-size-default\">VALORES CORPORATIVOS<\/h2>\t\t\t\t<\/div>\n\t\t\t\t\t<\/div>\n\t\t\t\t<\/div>\n\t\t<div class=\"elementor-element elementor-element-3e45e76 e-con-full e-flex e-con e-parent\" data-id=\"3e45e76\" data-element_type=\"container\">\n\t\t\t\t<div class=\"elementor-element elementor-element-7cbe880 elementor-widget elementor-widget-image\" data-id=\"7cbe880\" data-element_type=\"widget\" data-widget_type=\"image.default\">\n\t\t\t\t\t\t\t\t\t\t\t\t\t\t\t<img fetchpriority=\"high\" decoding=\"async\" width=\"1676\" height=\"510\" src=\"https:\/\/semillasdelhuila.com\/wp-content\/uploads\/2025\/09\/mapa.png\" class=\"attachment-full size-full wp-image-1573\" alt=\"\" srcset=\"https:\/\/semillasdelhuila.com\/wp-content\/uploads\/2025\/09\/mapa.png 1676w, https:\/\/semillasdelhuila.com\/wp-content\/uploads\/2025\/09\/mapa-300x91.png 300w, https:\/\/semillasdelhuila.com\/wp-content\/uploads\/2025\/09\/mapa-1024x312.png 1024w, https:\/\/semillasdelhuila.com\/wp-content\/uploads\/2025\/09\/mapa-768x234.png 768w, https:\/\/semillasdelhuila.com\/wp-content\/uploads\/2025\/09\/mapa-1536x467.png 1536w\" sizes=\"(max-width: 1676px) 100vw, 1676px\" \/>\t\t\t\t\t\t\t\t\t\t\t\t\t\t\t<\/div>\n\t\t\t\t<\/div>\n\t\t<div class=\"elementor-element elementor-element-d2ef511 e-flex e-con-boxed e-con e-parent\" data-id=\"d2ef511\" data-element_type=\"container\">\n\t\t\t\t\t<div class=\"e-con-inner\">\n\t\t<div class=\"elementor-element elementor-element-8f8c6c8 e-con-full e-flex e-con e-child\" data-id=\"8f8c6c8\" data-element_type=\"container\">\n\t\t\t\t<div class=\"elementor-element elementor-element-91e7016 elementor-widget elementor-widget-image\" data-id=\"91e7016\" data-element_type=\"widget\" data-widget_type=\"image.default\">\n\t\t\t\t\t\t\t\t\t\t\t\t\t\t\t<img decoding=\"async\" width=\"547\" height=\"486\" src=\"https:\/\/semillasdelhuila.com\/wp-content\/uploads\/2025\/09\/PG_1.png\" class=\"attachment-large size-large wp-image-1741\" alt=\"\" srcset=\"https:\/\/semillasdelhuila.com\/wp-content\/uploads\/2025\/09\/PG_1.png 547w, https:\/\/semillasdelhuila.com\/wp-content\/uploads\/2025\/09\/PG_1-300x267.png 300w\" sizes=\"(max-width: 547px) 100vw, 547px\" \/>\t\t\t\t\t\t\t\t\t\t\t\t\t\t\t<\/div>\n\t\t\t\t<\/div>\n\t\t<div class=\"elementor-element elementor-element-0f7e32a e-con-full e-flex e-con e-child\" data-id=\"0f7e32a\" data-element_type=\"container\">\n\t\t\t\t<div class=\"elementor-element elementor-element-cd1e1a5 elementor-widget elementor-widget-image\" data-id=\"cd1e1a5\" data-element_type=\"widget\" data-widget_type=\"image.default\">\n\t\t\t\t\t\t\t\t\t\t\t\t\t\t\t<img decoding=\"async\" width=\"547\" height=\"486\" src=\"https:\/\/semillasdelhuila.com\/wp-content\/uploads\/2025\/09\/PG_2.png\" class=\"attachment-large size-large wp-image-1742\" alt=\"\" srcset=\"https:\/\/semillasdelhuila.com\/wp-content\/uploads\/2025\/09\/PG_2.png 547w, https:\/\/semillasdelhuila.com\/wp-content\/uploads\/2025\/09\/PG_2-300x267.png 300w\" sizes=\"(max-width: 547px) 100vw, 547px\" \/>\t\t\t\t\t\t\t\t\t\t\t\t\t\t\t<\/div>\n\t\t\t\t<\/div>\n\t\t<div class=\"elementor-element elementor-element-66103dc e-con-full e-flex e-con e-child\" data-id=\"66103dc\" data-element_type=\"container\">\n\t\t\t\t<div class=\"elementor-element elementor-element-e03cf35 elementor-widget elementor-widget-image\" data-id=\"e03cf35\" data-element_type=\"widget\" data-widget_type=\"image.default\">\n\t\t\t\t\t\t\t\t\t\t\t\t\t\t\t<img loading=\"lazy\" decoding=\"async\" width=\"547\" height=\"486\" src=\"https:\/\/semillasdelhuila.com\/wp-content\/uploads\/2025\/09\/PG_3.png\" class=\"attachment-large size-large wp-image-1743\" alt=\"\" srcset=\"https:\/\/semillasdelhuila.com\/wp-content\/uploads\/2025\/09\/PG_3.png 547w, https:\/\/semillasdelhuila.com\/wp-content\/uploads\/2025\/09\/PG_3-300x267.png 300w\" sizes=\"(max-width: 547px) 100vw, 547px\" \/>\t\t\t\t\t\t\t\t\t\t\t\t\t\t\t<\/div>\n\t\t\t\t<\/div>\n\t\t<div class=\"elementor-element elementor-element-a3e30f9 e-con-full e-flex e-con e-child\" data-id=\"a3e30f9\" data-element_type=\"container\">\n\t\t\t\t<div class=\"elementor-element elementor-element-e9e97c0 elementor-widget elementor-widget-image\" data-id=\"e9e97c0\" data-element_type=\"widget\" data-widget_type=\"image.default\">\n\t\t\t\t\t\t\t\t\t\t\t\t\t\t\t<img loading=\"lazy\" decoding=\"async\" width=\"824\" height=\"345\" src=\"https:\/\/semillasdelhuila.com\/wp-content\/uploads\/2025\/09\/PG_4.png\" class=\"attachment-large size-large wp-image-1744\" alt=\"\" srcset=\"https:\/\/semillasdelhuila.com\/wp-content\/uploads\/2025\/09\/PG_4.png 824w, https:\/\/semillasdelhuila.com\/wp-content\/uploads\/2025\/09\/PG_4-300x126.png 300w, https:\/\/semillasdelhuila.com\/wp-content\/uploads\/2025\/09\/PG_4-768x322.png 768w\" sizes=\"(max-width: 824px) 100vw, 824px\" \/>\t\t\t\t\t\t\t\t\t\t\t\t\t\t\t<\/div>\n\t\t\t\t<\/div>\n\t\t<div class=\"elementor-element elementor-element-a85ac4d e-con-full e-flex e-con e-child\" data-id=\"a85ac4d\" data-element_type=\"container\">\n\t\t\t\t<div class=\"elementor-element elementor-element-094a12b elementor-widget elementor-widget-image\" data-id=\"094a12b\" data-element_type=\"widget\" data-widget_type=\"image.default\">\n\t\t\t\t\t\t\t\t\t\t\t\t\t\t\t<img loading=\"lazy\" decoding=\"async\" width=\"824\" height=\"345\" src=\"https:\/\/semillasdelhuila.com\/wp-content\/uploads\/2025\/09\/PG_5.png\" class=\"attachment-large size-large wp-image-1745\" alt=\"\" srcset=\"https:\/\/semillasdelhuila.com\/wp-content\/uploads\/2025\/09\/PG_5.png 824w, https:\/\/semillasdelhuila.com\/wp-content\/uploads\/2025\/09\/PG_5-300x126.png 300w, https:\/\/semillasdelhuila.com\/wp-content\/uploads\/2025\/09\/PG_5-768x322.png 768w\" sizes=\"(max-width: 824px) 100vw, 824px\" \/>\t\t\t\t\t\t\t\t\t\t\t\t\t\t\t<\/div>\n\t\t\t\t<\/div>\n\t\t\t\t\t<\/div>\n\t\t\t\t<\/div>\n\t\t<div class=\"elementor-element elementor-element-759cd3b e-flex e-con-boxed e-con e-parent\" data-id=\"759cd3b\" data-element_type=\"container\">\n\t\t\t\t\t<div class=\"e-con-inner\">\n\t\t\t\t<div class=\"elementor-element elementor-element-130cd66 elementor-widget elementor-widget-heading\" data-id=\"130cd66\" data-element_type=\"widget\" data-widget_type=\"heading.default\">\n\t\t\t\t\t<h2 class=\"elementor-heading-title elementor-size-default\">Pol\u00edtica de calidad<\/h2>\t\t\t\t<\/div>\n\t\t\t\t<div class=\"elementor-element elementor-element-d48f519 elementor-widget__width-initial elementor-widget elementor-widget-text-editor\" data-id=\"d48f519\" data-element_type=\"widget\" data-widget_type=\"text-editor.default\">\n\t\t\t\t\t\t\t\t\t<p>Nuestra empresa se compromete a multiplicar, beneficiar y comercializar semillas certificadas<br \/>de alto vigor, germinaci\u00f3n, pureza gen\u00e9tica, apoyados en la unidad de investigaci\u00f3n en<br \/>fitomejoramiento, que cumpla con los requisitos acordados y\/o establecidos, con el fin de<br \/>aumentar la satisfacci\u00f3n del cliente; contando con personal calificado para garantizar la<br \/>calidad de nuestros productos y mejorar continuamente.<\/p>\t\t\t\t\t\t\t\t<\/div>\n\t\t\t\t<div class=\"elementor-element elementor-element-dd4110d elementor-widget elementor-widget-video\" data-id=\"dd4110d\" data-element_type=\"widget\" data-settings=\"{&quot;video_type&quot;:&quot;hosted&quot;,&quot;autoplay&quot;:&quot;yes&quot;,&quot;play_on_mobile&quot;:&quot;yes&quot;,&quot;mute&quot;:&quot;yes&quot;,&quot;loop&quot;:&quot;yes&quot;}\" data-widget_type=\"video.default\">\n\t\t\t\t\t\t\t<div class=\"e-hosted-video elementor-wrapper elementor-open-inline\">\n\t\t\t\t\t<video class=\"elementor-video\" src=\"https:\/\/semillasdelhuila.com\/wp-content\/uploads\/2025\/09\/gif-mapa.mp4\" autoplay=\"\" loop=\"\" muted=\"muted\" playsinline=\"\" controlsList=\"nodownload\"><\/video>\n\t\t\t\t<\/div>\n\t\t\t\t\t\t<\/div>\n\t\t\t\t\t<\/div>\n\t\t\t\t<\/div>\n\t\t<div class=\"elementor-element elementor-element-cfe725a e-grid e-con-boxed e-con e-parent\" data-id=\"cfe725a\" data-element_type=\"container\">\n\t\t\t\t\t<div class=\"e-con-inner\">\n\t\t\t\t<div class=\"elementor-element elementor-element-0698e21 elementor-widget elementor-widget-image\" data-id=\"0698e21\" data-element_type=\"widget\" data-widget_type=\"image.default\">\n\t\t\t\t\t\t\t\t\t\t\t\t\t\t\t<img loading=\"lazy\" decoding=\"async\" width=\"1024\" height=\"173\" src=\"https:\/\/semillasdelhuila.com\/wp-content\/uploads\/2025\/09\/acosemillas_cover-1024x173.jpg\" class=\"attachment-large size-large wp-image-1527\" alt=\"\" srcset=\"https:\/\/semillasdelhuila.com\/wp-content\/uploads\/2025\/09\/acosemillas_cover-1024x173.jpg 1024w, https:\/\/semillasdelhuila.com\/wp-content\/uploads\/2025\/09\/acosemillas_cover-300x51.jpg 300w, https:\/\/semillasdelhuila.com\/wp-content\/uploads\/2025\/09\/acosemillas_cover-768x130.jpg 768w, https:\/\/semillasdelhuila.com\/wp-content\/uploads\/2025\/09\/acosemillas_cover.jpg 1128w\" sizes=\"(max-width: 1024px) 100vw, 1024px\" \/>\t\t\t\t\t\t\t\t\t\t\t\t\t\t\t<\/div>\n\t\t\t\t<div class=\"elementor-element elementor-element-4d20150 elementor-widget elementor-widget-image\" data-id=\"4d20150\" data-element_type=\"widget\" data-widget_type=\"image.default\">\n\t\t\t\t\t\t\t\t\t\t\t\t\t\t\t<img loading=\"lazy\" decoding=\"async\" width=\"1024\" height=\"436\" src=\"https:\/\/semillasdelhuila.com\/wp-content\/uploads\/2025\/09\/Imagen-de-WhatsApp-2025-09-23-a-las-15.16.06_a456aaa2-1024x436.jpg\" class=\"attachment-large size-large wp-image-1692\" alt=\"\" srcset=\"https:\/\/semillasdelhuila.com\/wp-content\/uploads\/2025\/09\/Imagen-de-WhatsApp-2025-09-23-a-las-15.16.06_a456aaa2-1024x436.jpg 1024w, https:\/\/semillasdelhuila.com\/wp-content\/uploads\/2025\/09\/Imagen-de-WhatsApp-2025-09-23-a-las-15.16.06_a456aaa2-300x128.jpg 300w, https:\/\/semillasdelhuila.com\/wp-content\/uploads\/2025\/09\/Imagen-de-WhatsApp-2025-09-23-a-las-15.16.06_a456aaa2-768x327.jpg 768w, https:\/\/semillasdelhuila.com\/wp-content\/uploads\/2025\/09\/Imagen-de-WhatsApp-2025-09-23-a-las-15.16.06_a456aaa2-1536x654.jpg 1536w, https:\/\/semillasdelhuila.com\/wp-content\/uploads\/2025\/09\/Imagen-de-WhatsApp-2025-09-23-a-las-15.16.06_a456aaa2.jpg 1600w\" sizes=\"(max-width: 1024px) 100vw, 1024px\" \/>\t\t\t\t\t\t\t\t\t\t\t\t\t\t\t<\/div>\n\t\t\t\t<div class=\"elementor-element elementor-element-a4de77d elementor-widget elementor-widget-image\" data-id=\"a4de77d\" data-element_type=\"widget\" data-widget_type=\"image.default\">\n\t\t\t\t\t\t\t\t\t\t\t\t\t\t\t<img loading=\"lazy\" decoding=\"async\" width=\"640\" height=\"360\" src=\"https:\/\/semillasdelhuila.com\/wp-content\/uploads\/2025\/09\/sgs-640x360-c-default.jpg\" class=\"attachment-large size-large wp-image-1700\" alt=\"\" srcset=\"https:\/\/semillasdelhuila.com\/wp-content\/uploads\/2025\/09\/sgs-640x360-c-default.jpg 640w, https:\/\/semillasdelhuila.com\/wp-content\/uploads\/2025\/09\/sgs-640x360-c-default-300x169.jpg 300w\" sizes=\"(max-width: 640px) 100vw, 640px\" \/>\t\t\t\t\t\t\t\t\t\t\t\t\t\t\t<\/div>\n\t\t\t\t\t<\/div>\n\t\t\t\t<\/div>\n\t\t\t\t<\/div>\n\t\t","protected":false},"excerpt":{"rendered":"<p>Quienes Somos Rese\u00f1a Historica Fundada en 1977 en Neiva por 11 ingenieros agr\u00f3nomos, Semillas del Huila S.A. naci\u00f3 con el prop\u00f3sito de ofrecer a los agricultores semillas certificadas de arroz, respaldadas porconocimiento t\u00e9cnico y acad\u00e9mico. En sus inicios, la empresa construy\u00f3 sus primeras bodegas y adquiri\u00f3 equipos b\u00e1sicos para abastecer el mercado local. Gracias al [&hellip;]<\/p>\n","protected":false},"author":1,"featured_media":0,"parent":0,"menu_order":0,"comment_status":"closed","ping_status":"closed","template":"elementor_header_footer","meta":{"footnotes":""},"class_list":["post-1621","page","type-page","status-publish","hentry"],"blocksy_meta":[],"_links":{"self":[{"href":"https:\/\/semillasdelhuila.com\/index.php?rest_route=\/wp\/v2\/pages\/1621","targetHints":{"allow":["GET"]}}],"collection":[{"href":"https:\/\/semillasdelhuila.com\/index.php?rest_route=\/wp\/v2\/pages"}],"about":[{"href":"https:\/\/semillasdelhuila.com\/index.php?rest_route=\/wp\/v2\/types\/page"}],"author":[{"embeddable":true,"href":"https:\/\/semillasdelhuila.com\/index.php?rest_route=\/wp\/v2\/users\/1"}],"replies":[{"embeddable":true,"href":"https:\/\/semillasdelhuila.com\/index.php?rest_route=%2Fwp%2Fv2%2Fcomments&post=1621"}],"version-history":[{"count":40,"href":"https:\/\/semillasdelhuila.com\/index.php?rest_route=\/wp\/v2\/pages\/1621\/revisions"}],"predecessor-version":[{"id":2316,"href":"https:\/\/semillasdelhuila.com\/index.php?rest_route=\/wp\/v2\/pages\/1621\/revisions\/2316"}],"wp:attachment":[{"href":"https:\/\/semillasdelhuila.com\/index.php?rest_route=%2Fwp%2Fv2%2Fmedia&parent=1621"}],"curies":[{"name":"wp","href":"https:\/\/api.w.org\/{rel}","templated":true}]}}