{"id":1611,"date":"2025-09-23T16:10:58","date_gmt":"2025-09-23T16:10:58","guid":{"rendered":"https:\/\/semillasdelhuila.com\/?page_id=1611"},"modified":"2025-09-23T21:03:51","modified_gmt":"2025-09-23T21:03:51","slug":"servicios","status":"publish","type":"page","link":"https:\/\/semillasdelhuila.com\/?page_id=1611","title":{"rendered":"SERVICIOS"},"content":{"rendered":"\t\t<div data-elementor-type=\"wp-page\" data-elementor-id=\"1611\" class=\"elementor elementor-1611\" data-elementor-post-type=\"page\">\n\t\t\t\t<div class=\"elementor-element elementor-element-7379669 e-flex e-con-boxed e-con e-parent\" data-id=\"7379669\" data-element_type=\"container\">\n\t\t\t\t\t<div class=\"e-con-inner\">\n\t\t\t\t<div class=\"elementor-element elementor-element-cddca4c elementor-widget elementor-widget-heading\" data-id=\"cddca4c\" data-element_type=\"widget\" data-widget_type=\"heading.default\">\n\t\t\t\t\t<h2 class=\"elementor-heading-title elementor-size-default\">Servicios<\/h2>\t\t\t\t<\/div>\n\t\t\t\t<div class=\"elementor-element elementor-element-45db44d elementor-widget elementor-widget-text-editor\" data-id=\"45db44d\" data-element_type=\"widget\" data-widget_type=\"text-editor.default\">\n\t\t\t\t\t\t\t\t\t<p>Semillas del Huila s.a. brinda a los agricultores e industriales, materiales con las mejores<br \/>caracter\u00edsticas que satisfagan las exigencias de quienes acceden a sus productos y servicios, a<br \/>trav\u00e9s de la implementaci\u00f3n de la mejor tecnolog\u00eda.<\/p><p>Para Semillas del Huila s.a. es una prioridad su compromiso y responsabilidad social en la regi\u00f3n. Nuestra empresa realiza actividades de asesor\u00eda t\u00e9cnica con un equipo activo y altamente capacitado para agricultores, sobre siembra y manejo agron\u00f3mico de los materiales que<br \/>tenemos a disposici\u00f3n.<\/p>\t\t\t\t\t\t\t\t<\/div>\n\t\t\t\t<div class=\"elementor-element elementor-element-4e9aaf6 elementor-widget elementor-widget-heading\" data-id=\"4e9aaf6\" data-element_type=\"widget\" data-widget_type=\"heading.default\">\n\t\t\t\t\t<h2 class=\"elementor-heading-title elementor-size-default\">Prestamos <br> servicios de:<\/h2>\t\t\t\t<\/div>\n\t\t<div class=\"elementor-element elementor-element-19597dc e-grid e-con-full e-con e-child\" data-id=\"19597dc\" data-element_type=\"container\">\n\t\t\t\t<div class=\"elementor-element elementor-element-a9d5002 elementor-widget elementor-widget-image\" data-id=\"a9d5002\" data-element_type=\"widget\" data-widget_type=\"image.default\">\n\t\t\t\t\t\t\t\t\t\t\t\t\t\t\t<img fetchpriority=\"high\" decoding=\"async\" width=\"524\" height=\"499\" src=\"https:\/\/semillasdelhuila.com\/wp-content\/uploads\/2025\/09\/img_icono_1.png\" class=\"attachment-large size-large wp-image-1569\" alt=\"\" srcset=\"https:\/\/semillasdelhuila.com\/wp-content\/uploads\/2025\/09\/img_icono_1.png 524w, https:\/\/semillasdelhuila.com\/wp-content\/uploads\/2025\/09\/img_icono_1-300x286.png 300w\" sizes=\"(max-width: 524px) 100vw, 524px\" \/>\t\t\t\t\t\t\t\t\t\t\t\t\t\t\t<\/div>\n\t\t\t\t<div class=\"elementor-element elementor-element-07acbfa elementor-widget elementor-widget-image\" data-id=\"07acbfa\" data-element_type=\"widget\" data-widget_type=\"image.default\">\n\t\t\t\t\t\t\t\t\t\t\t\t\t\t\t<img decoding=\"async\" width=\"524\" height=\"499\" src=\"https:\/\/semillasdelhuila.com\/wp-content\/uploads\/2025\/09\/img_icono_2.png\" class=\"attachment-large size-large wp-image-1570\" alt=\"\" srcset=\"https:\/\/semillasdelhuila.com\/wp-content\/uploads\/2025\/09\/img_icono_2.png 524w, https:\/\/semillasdelhuila.com\/wp-content\/uploads\/2025\/09\/img_icono_2-300x286.png 300w\" sizes=\"(max-width: 524px) 100vw, 524px\" \/>\t\t\t\t\t\t\t\t\t\t\t\t\t\t\t<\/div>\n\t\t\t\t<div class=\"elementor-element elementor-element-a3c05da elementor-widget elementor-widget-image\" data-id=\"a3c05da\" data-element_type=\"widget\" data-widget_type=\"image.default\">\n\t\t\t\t\t\t\t\t\t\t\t\t\t\t\t<img decoding=\"async\" width=\"524\" height=\"499\" src=\"https:\/\/semillasdelhuila.com\/wp-content\/uploads\/2025\/09\/img_icono_3.png\" class=\"attachment-large size-large wp-image-1571\" alt=\"\" srcset=\"https:\/\/semillasdelhuila.com\/wp-content\/uploads\/2025\/09\/img_icono_3.png 524w, https:\/\/semillasdelhuila.com\/wp-content\/uploads\/2025\/09\/img_icono_3-300x286.png 300w\" sizes=\"(max-width: 524px) 100vw, 524px\" \/>\t\t\t\t\t\t\t\t\t\t\t\t\t\t\t<\/div>\n\t\t\t\t<div class=\"elementor-element elementor-element-860f05a elementor-widget elementor-widget-image\" data-id=\"860f05a\" data-element_type=\"widget\" data-widget_type=\"image.default\">\n\t\t\t\t\t\t\t\t\t\t\t\t\t\t\t<img loading=\"lazy\" decoding=\"async\" width=\"524\" height=\"499\" src=\"https:\/\/semillasdelhuila.com\/wp-content\/uploads\/2025\/09\/img_icono_4.png\" class=\"attachment-large size-large wp-image-1572\" alt=\"\" srcset=\"https:\/\/semillasdelhuila.com\/wp-content\/uploads\/2025\/09\/img_icono_4.png 524w, https:\/\/semillasdelhuila.com\/wp-content\/uploads\/2025\/09\/img_icono_4-300x286.png 300w\" sizes=\"(max-width: 524px) 100vw, 524px\" \/>\t\t\t\t\t\t\t\t\t\t\t\t\t\t\t<\/div>\n\t\t\t\t<\/div>\n\t\t\t\t\t<\/div>\n\t\t\t\t<\/div>\n\t\t<div class=\"elementor-element elementor-element-afa1ce9 e-grid e-con-boxed e-con e-parent\" data-id=\"afa1ce9\" data-element_type=\"container\">\n\t\t\t\t\t<div class=\"e-con-inner\">\n\t\t\t\t<div class=\"elementor-element elementor-element-d4e9ea4 elementor-widget elementor-widget-image\" data-id=\"d4e9ea4\" data-element_type=\"widget\" data-widget_type=\"image.default\">\n\t\t\t\t\t\t\t\t\t\t\t\t\t\t\t<img loading=\"lazy\" decoding=\"async\" width=\"1024\" height=\"173\" src=\"https:\/\/semillasdelhuila.com\/wp-content\/uploads\/2025\/09\/acosemillas_cover-1024x173.jpg\" class=\"attachment-large size-large wp-image-1527\" alt=\"\" srcset=\"https:\/\/semillasdelhuila.com\/wp-content\/uploads\/2025\/09\/acosemillas_cover-1024x173.jpg 1024w, https:\/\/semillasdelhuila.com\/wp-content\/uploads\/2025\/09\/acosemillas_cover-300x51.jpg 300w, https:\/\/semillasdelhuila.com\/wp-content\/uploads\/2025\/09\/acosemillas_cover-768x130.jpg 768w, https:\/\/semillasdelhuila.com\/wp-content\/uploads\/2025\/09\/acosemillas_cover.jpg 1128w\" sizes=\"(max-width: 1024px) 100vw, 1024px\" \/>\t\t\t\t\t\t\t\t\t\t\t\t\t\t\t<\/div>\n\t\t\t\t<div class=\"elementor-element elementor-element-9de2ee2 elementor-widget elementor-widget-image\" data-id=\"9de2ee2\" data-element_type=\"widget\" data-widget_type=\"image.default\">\n\t\t\t\t\t\t\t\t\t\t\t\t\t\t\t<img loading=\"lazy\" decoding=\"async\" width=\"1024\" height=\"436\" src=\"https:\/\/semillasdelhuila.com\/wp-content\/uploads\/2025\/09\/Imagen-de-WhatsApp-2025-09-23-a-las-15.16.06_a456aaa2-1024x436.jpg\" class=\"attachment-large size-large wp-image-1692\" alt=\"\" srcset=\"https:\/\/semillasdelhuila.com\/wp-content\/uploads\/2025\/09\/Imagen-de-WhatsApp-2025-09-23-a-las-15.16.06_a456aaa2-1024x436.jpg 1024w, https:\/\/semillasdelhuila.com\/wp-content\/uploads\/2025\/09\/Imagen-de-WhatsApp-2025-09-23-a-las-15.16.06_a456aaa2-300x128.jpg 300w, https:\/\/semillasdelhuila.com\/wp-content\/uploads\/2025\/09\/Imagen-de-WhatsApp-2025-09-23-a-las-15.16.06_a456aaa2-768x327.jpg 768w, https:\/\/semillasdelhuila.com\/wp-content\/uploads\/2025\/09\/Imagen-de-WhatsApp-2025-09-23-a-las-15.16.06_a456aaa2-1536x654.jpg 1536w, https:\/\/semillasdelhuila.com\/wp-content\/uploads\/2025\/09\/Imagen-de-WhatsApp-2025-09-23-a-las-15.16.06_a456aaa2.jpg 1600w\" sizes=\"(max-width: 1024px) 100vw, 1024px\" \/>\t\t\t\t\t\t\t\t\t\t\t\t\t\t\t<\/div>\n\t\t\t\t<div class=\"elementor-element elementor-element-35b6e09 elementor-widget elementor-widget-image\" data-id=\"35b6e09\" data-element_type=\"widget\" data-widget_type=\"image.default\">\n\t\t\t\t\t\t\t\t\t\t\t\t\t\t\t<img loading=\"lazy\" decoding=\"async\" width=\"640\" height=\"360\" src=\"https:\/\/semillasdelhuila.com\/wp-content\/uploads\/2025\/09\/sgs-640x360-c-default.jpg\" class=\"attachment-large size-large wp-image-1700\" alt=\"\" srcset=\"https:\/\/semillasdelhuila.com\/wp-content\/uploads\/2025\/09\/sgs-640x360-c-default.jpg 640w, https:\/\/semillasdelhuila.com\/wp-content\/uploads\/2025\/09\/sgs-640x360-c-default-300x169.jpg 300w\" sizes=\"(max-width: 640px) 100vw, 640px\" \/>\t\t\t\t\t\t\t\t\t\t\t\t\t\t\t<\/div>\n\t\t\t\t\t<\/div>\n\t\t\t\t<\/div>\n\t\t\t\t<\/div>\n\t\t","protected":false},"excerpt":{"rendered":"<p>Servicios Semillas del Huila s.a. brinda a los agricultores e industriales, materiales con las mejorescaracter\u00edsticas que satisfagan las exigencias de quienes acceden a sus productos y servicios, atrav\u00e9s de la implementaci\u00f3n de la mejor tecnolog\u00eda. Para Semillas del Huila s.a. es una prioridad su compromiso y responsabilidad social en la regi\u00f3n. Nuestra empresa realiza actividades [&hellip;]<\/p>\n","protected":false},"author":1,"featured_media":0,"parent":0,"menu_order":0,"comment_status":"closed","ping_status":"closed","template":"elementor_header_footer","meta":{"footnotes":""},"class_list":["post-1611","page","type-page","status-publish","hentry"],"blocksy_meta":[],"_links":{"self":[{"href":"https:\/\/semillasdelhuila.com\/index.php?rest_route=\/wp\/v2\/pages\/1611","targetHints":{"allow":["GET"]}}],"collection":[{"href":"https:\/\/semillasdelhuila.com\/index.php?rest_route=\/wp\/v2\/pages"}],"about":[{"href":"https:\/\/semillasdelhuila.com\/index.php?rest_route=\/wp\/v2\/types\/page"}],"author":[{"embeddable":true,"href":"https:\/\/semillasdelhuila.com\/index.php?rest_route=\/wp\/v2\/users\/1"}],"replies":[{"embeddable":true,"href":"https:\/\/semillasdelhuila.com\/index.php?rest_route=%2Fwp%2Fv2%2Fcomments&post=1611"}],"version-history":[{"count":10,"href":"https:\/\/semillasdelhuila.com\/index.php?rest_route=\/wp\/v2\/pages\/1611\/revisions"}],"predecessor-version":[{"id":1737,"href":"https:\/\/semillasdelhuila.com\/index.php?rest_route=\/wp\/v2\/pages\/1611\/revisions\/1737"}],"wp:attachment":[{"href":"https:\/\/semillasdelhuila.com\/index.php?rest_route=%2Fwp%2Fv2%2Fmedia&parent=1611"}],"curies":[{"name":"wp","href":"https:\/\/api.w.org\/{rel}","templated":true}]}}