{"id":1589,"date":"2025-09-23T15:16:51","date_gmt":"2025-09-23T15:16:51","guid":{"rendered":"https:\/\/semillasdelhuila.com\/?page_id=1589"},"modified":"2025-10-14T14:53:50","modified_gmt":"2025-10-14T14:53:50","slug":"productos","status":"publish","type":"page","link":"https:\/\/semillasdelhuila.com\/?page_id=1589","title":{"rendered":"PRODUCTOS"},"content":{"rendered":"\t\t<div data-elementor-type=\"wp-page\" data-elementor-id=\"1589\" class=\"elementor elementor-1589\" data-elementor-post-type=\"page\">\n\t\t\t\t<div class=\"elementor-element elementor-element-8cfedb6 e-con-full e-flex e-con e-parent\" data-id=\"8cfedb6\" data-element_type=\"container\">\n\t\t\t\t<div class=\"elementor-element elementor-element-38f1026 elementor-widget elementor-widget-html\" data-id=\"38f1026\" data-element_type=\"widget\" data-widget_type=\"html.default\">\n\t\t\t\t\t    <!-- Barra de b\u00fasqueda -->\r\n        <div class=\"buscador\">\r\n            <input type=\"text\" id=\"searchInput\" placeholder=\"BUSCAR\">\r\n        <\/div>\r\n        <div class=\"catalogo\">\r\n            <!-- Producto 1 -->\r\n            <div class=\"producto\">\r\n                <div class=\"img-box\">\r\n                    <img decoding=\"async\" src=\"https:\/\/semillasdelhuila.com\/wp-content\/uploads\/2025\/09\/SATHIRI.png\" alt=\"variedad 1 - SATHIRI\">\r\n                <\/div>\r\n                <h3>SATHIRI<\/h3>\r\n                <a href=\"https:\/\/semillasdelhuila.com\/?p=1783\" class=\"btn\">ver m\u00e1s<\/a>\r\n            <\/div>\r\n            <!-- Producto 2 -->\r\n            <!--<div class=\"producto\">\r\n                <div class=\"img-box\">\r\n                    <img decoding=\"async\" src=\"https:\/\/semillasdelhuila.com\/wp-content\/uploads\/2025\/09\/COPROSEM-304-Zona-Llanos.png\" alt=\"variedad 2 - COPROSEM 2\">\r\n                <\/div>\r\n                <h3>COPROSEM 2<\/h3>\r\n                <a href=\"#\" class=\"btn\">ver m\u00e1s<\/a>\r\n            <\/div>-->\r\n            <!-- Producto 3 -->\r\n            <div class=\"producto\">\r\n                <div class=\"img-box\">\r\n                    <img decoding=\"async\" src=\"https:\/\/semillasdelhuila.com\/wp-content\/uploads\/2025\/09\/YACU\u2560uA.png\" alt=\"variedad 3 - YAC\u00daA\">\r\n                <\/div>\r\n                <h3>YAC\u00daA<\/h3>\r\n                <a href=\"https:\/\/semillasdelhuila.com\/?p=1788\" class=\"btn\">ver m\u00e1s<\/a>\r\n            <\/div>\r\n            <!-- Producto 4 -->\r\n            <div class=\"producto\">\r\n                <div class=\"img-box\">\r\n                    <img decoding=\"async\" src=\"https:\/\/semillasdelhuila.com\/wp-content\/uploads\/2025\/09\/SH-27-Zona-centro.png\" alt=\"Producto 1\">\r\n                <\/div>\r\n                <h3>SH-27<\/h3>\r\n                <a href=\"https:\/\/semillasdelhuila.com\/?p=1811\" class=\"btn\">ver m\u00e1s<\/a>\r\n            <\/div>\r\n            <!-- Producto 5 -->\r\n            <div class=\"producto\">\r\n                <div class=\"img-box\">\r\n                    <img decoding=\"async\" src=\"https:\/\/semillasdelhuila.com\/wp-content\/uploads\/2025\/09\/COPROSEM-304-Zona-Llanos.png\" alt=\"Producto 1\">\r\n                <\/div>\r\n                <h3>COPROSEM 304<\/h3>\r\n                <a href=\"https:\/\/semillasdelhuila.com\/?p=1819\" class=\"btn\">ver m\u00e1s<\/a>\r\n            <\/div>\r\n            <!-- Producto 6 -->\r\n            <div class=\"producto\">\r\n                <div class=\"img-box\">\r\n                    <img decoding=\"async\" src=\"https:\/\/semillasdelhuila.com\/wp-content\/uploads\/2025\/09\/NASA-Zona-Llanos.png\" alt=\"Producto 1\">\r\n                <\/div>\r\n                <h3>NASA<\/h3>\r\n                <a href=\"https:\/\/semillasdelhuila.com\/?p=1801\" class=\"btn\">ver m\u00e1s<\/a>\r\n            <\/div>\r\n            <!-- Producto 7 -->\r\n            <div class=\"producto\">\r\n                <div class=\"img-box\">\r\n                    <img decoding=\"async\" src=\"https:\/\/semillasdelhuila.com\/wp-content\/uploads\/2025\/09\/COCLI.jpeg\" alt=\"Producto 1\">\r\n                <\/div>\r\n                <h3>COCL\u00cd<\/h3>\r\n                <a href=\"https:\/\/semillasdelhuila.com\/?p=2318\" class=\"btn\">ver m\u00e1s<\/a>\r\n            <\/div>\r\n            <!-- Producto 8 -->\r\n            <div class=\"producto\">\r\n                <div class=\"img-box\">\r\n                    <img decoding=\"async\" src=\"https:\/\/semillasdelhuila.com\/wp-content\/uploads\/2025\/09\/SH-COROCORA-Zona-ORINOQUIA.png\" alt=\"Producto 1\">\r\n                <\/div>\r\n                <h3>ORYZICA-1<\/h3>\r\n                <a href=\"https:\/\/semillasdelhuila.com\/?p=1806\" class=\"btn\">ver m\u00e1s<\/a>\r\n            <\/div>\r\n            <!-- Producto 9 -->\r\n            <div class=\"producto\">\r\n                <div class=\"img-box\">\r\n                    <img decoding=\"async\" src=\"https:\/\/semillasdelhuila.com\/wp-content\/uploads\/2025\/09\/SICALIS-SH-CL-Valles-Interandinos.png\" alt=\"Producto 1\">\r\n                <\/div>\r\n                <h3>SICALIS SH CL<\/h3>\r\n                <a href=\"https:\/\/semillasdelhuila.com\/?p=1751\" class=\"btn\">ver m\u00e1s<\/a>\r\n            <\/div>\r\n            <!-- Producto 10 -->\r\n            <div class=\"producto\">\r\n                <div class=\"img-box\">\r\n                    <img decoding=\"async\" src=\"https:\/\/semillasdelhuila.com\/wp-content\/uploads\/2025\/09\/SH-COROCORA-Zona-ORINOQUIA.png\" alt=\"Producto 1\">\r\n                <\/div>\r\n                <h3>SH COROCORA<\/h3>\r\n                <a href=\"https:\/\/semillasdelhuila.com\/?p=1771\" class=\"btn\">ver m\u00e1s<\/a>\r\n            <\/div>\r\n            <!-- Producto 11 -->\r\n            <div class=\"producto\">\r\n                <div class=\"img-box\">\r\n                    <img decoding=\"async\" src=\"https:\/\/semillasdelhuila.com\/wp-content\/uploads\/2025\/09\/COCLI.jpeg\" alt=\"Producto 1\">\r\n                <\/div>\r\n                <h3>SIKUANI SH - 27<\/h3>\r\n                <a href=\"https:\/\/semillasdelhuila.com\/?p=1777\" class=\"btn\">ver m\u00e1s<\/a>\r\n            <\/div>\r\n            <!-- Producto 12 -->\r\n            <div class=\"producto\">\r\n                <div class=\"img-box\">\r\n                    <img decoding=\"async\" src=\"https:\/\/semillasdelhuila.com\/wp-content\/uploads\/2025\/09\/SIKUANI-zona-Centro.png\" alt=\"Producto 1\">\r\n                <\/div>\r\n                <h3>SIKUANI<\/h3>\r\n                <a href=\"https:\/\/semillasdelhuila.com\/?p=1796\" class=\"btn\">ver m\u00e1s<\/a>\r\n            <\/div>       \r\n        <\/div>\r\n        <div class=\"paginacion\">\r\n        <a href=\"#\" class=\"activo\" data-page=\"1\">1<\/a>\r\n        <a href=\"#\" data-page=\"2\">2<\/a>\r\n        <\/div>\t\t\t\t<\/div>\n\t\t\t\t<div class=\"elementor-element elementor-element-d0b9660 elementor-widget elementor-widget-html\" data-id=\"d0b9660\" data-element_type=\"widget\" data-widget_type=\"html.default\">\n\t\t\t\t\t<script>\r\ndocument.addEventListener(\"DOMContentLoaded\", function () {\r\n  \/\/ Selecci\u00f3n de elementos\r\n  const productos = Array.from(document.querySelectorAll('.producto'));\r\n  const links = document.querySelectorAll('.paginacion a');\r\n  const productosPorPagina = 9;\r\n  const searchInput = document.getElementById('searchInput');\r\n\r\n  let productosFiltrados = [...productos]; \/\/ al inicio todos\r\n\r\n  \/\/ Mostrar productos por p\u00e1gina\r\n  function mostrarPagina(pagina) {\r\n    \/\/ Ocultar todos\r\n    productos.forEach(prod => prod.style.display = 'none');\r\n\r\n    \/\/ Calcular rango en los filtrados\r\n    const inicio = (pagina - 1) * productosPorPagina;\r\n    const fin = inicio + productosPorPagina;\r\n\r\n    for (let i = inicio; i < fin && i < productosFiltrados.length; i++) {\r\n      productosFiltrados[i].style.display = 'block';\r\n    }\r\n\r\n    \/\/ Actualizar clase activa\r\n    links.forEach(link => link.classList.remove('activo'));\r\n    if (pagina <= links.length) {\r\n      links[pagina - 1].classList.add('activo');\r\n    }\r\n  }\r\n\r\n  \/\/ Paginaci\u00f3n\r\n  links.forEach((link, i) => {\r\n    link.setAttribute('data-page', i + 1); \/\/ asegura data-page\r\n    link.addEventListener('click', e => {\r\n      e.preventDefault();\r\n      const pagina = parseInt(link.dataset.page);\r\n      mostrarPagina(pagina);\r\n    });\r\n  });\r\n\r\n  \/\/ B\u00fasqueda\r\n  searchInput.addEventListener('keyup', () => {\r\n    const filtro = searchInput.value.toLowerCase();\r\n\r\n    productosFiltrados = productos.filter(prod =>\r\n      prod.querySelector('h3').textContent.toLowerCase().includes(filtro)\r\n    );\r\n\r\n    mostrarPagina(1); \/\/ siempre vuelve a p\u00e1gina 1 al filtrar\r\n  });\r\n\r\n  \/\/ Mostrar primera p\u00e1gina al cargar\r\n  mostrarPagina(1);\r\n});\r\n<\/script>\t\t\t\t<\/div>\n\t\t\t\t<\/div>\n\t\t<div class=\"elementor-element elementor-element-11947bc e-grid e-con-boxed e-con e-parent\" data-id=\"11947bc\" data-element_type=\"container\">\n\t\t\t\t\t<div class=\"e-con-inner\">\n\t\t\t\t<div class=\"elementor-element elementor-element-185aa7d elementor-widget elementor-widget-image\" data-id=\"185aa7d\" data-element_type=\"widget\" data-widget_type=\"image.default\">\n\t\t\t\t\t\t\t\t\t\t\t\t\t\t\t<img fetchpriority=\"high\" decoding=\"async\" width=\"1024\" height=\"173\" src=\"https:\/\/semillasdelhuila.com\/wp-content\/uploads\/2025\/09\/acosemillas_cover-1024x173.jpg\" class=\"attachment-large size-large wp-image-1527\" alt=\"\" srcset=\"https:\/\/semillasdelhuila.com\/wp-content\/uploads\/2025\/09\/acosemillas_cover-1024x173.jpg 1024w, https:\/\/semillasdelhuila.com\/wp-content\/uploads\/2025\/09\/acosemillas_cover-300x51.jpg 300w, https:\/\/semillasdelhuila.com\/wp-content\/uploads\/2025\/09\/acosemillas_cover-768x130.jpg 768w, https:\/\/semillasdelhuila.com\/wp-content\/uploads\/2025\/09\/acosemillas_cover.jpg 1128w\" sizes=\"(max-width: 1024px) 100vw, 1024px\" \/>\t\t\t\t\t\t\t\t\t\t\t\t\t\t\t<\/div>\n\t\t\t\t<div class=\"elementor-element elementor-element-33e99c7 elementor-widget elementor-widget-image\" data-id=\"33e99c7\" data-element_type=\"widget\" data-widget_type=\"image.default\">\n\t\t\t\t\t\t\t\t\t\t\t\t\t\t\t<img decoding=\"async\" width=\"1024\" height=\"436\" src=\"https:\/\/semillasdelhuila.com\/wp-content\/uploads\/2025\/09\/Imagen-de-WhatsApp-2025-09-23-a-las-15.16.06_a456aaa2-1024x436.jpg\" class=\"attachment-large size-large wp-image-1692\" alt=\"\" srcset=\"https:\/\/semillasdelhuila.com\/wp-content\/uploads\/2025\/09\/Imagen-de-WhatsApp-2025-09-23-a-las-15.16.06_a456aaa2-1024x436.jpg 1024w, https:\/\/semillasdelhuila.com\/wp-content\/uploads\/2025\/09\/Imagen-de-WhatsApp-2025-09-23-a-las-15.16.06_a456aaa2-300x128.jpg 300w, https:\/\/semillasdelhuila.com\/wp-content\/uploads\/2025\/09\/Imagen-de-WhatsApp-2025-09-23-a-las-15.16.06_a456aaa2-768x327.jpg 768w, https:\/\/semillasdelhuila.com\/wp-content\/uploads\/2025\/09\/Imagen-de-WhatsApp-2025-09-23-a-las-15.16.06_a456aaa2-1536x654.jpg 1536w, https:\/\/semillasdelhuila.com\/wp-content\/uploads\/2025\/09\/Imagen-de-WhatsApp-2025-09-23-a-las-15.16.06_a456aaa2.jpg 1600w\" sizes=\"(max-width: 1024px) 100vw, 1024px\" \/>\t\t\t\t\t\t\t\t\t\t\t\t\t\t\t<\/div>\n\t\t\t\t<div class=\"elementor-element elementor-element-37cd123 elementor-widget elementor-widget-image\" data-id=\"37cd123\" data-element_type=\"widget\" data-widget_type=\"image.default\">\n\t\t\t\t\t\t\t\t\t\t\t\t\t\t\t<img decoding=\"async\" width=\"640\" height=\"360\" src=\"https:\/\/semillasdelhuila.com\/wp-content\/uploads\/2025\/09\/sgs-640x360-c-default.jpg\" class=\"attachment-large size-large wp-image-1700\" alt=\"\" srcset=\"https:\/\/semillasdelhuila.com\/wp-content\/uploads\/2025\/09\/sgs-640x360-c-default.jpg 640w, https:\/\/semillasdelhuila.com\/wp-content\/uploads\/2025\/09\/sgs-640x360-c-default-300x169.jpg 300w\" sizes=\"(max-width: 640px) 100vw, 640px\" \/>\t\t\t\t\t\t\t\t\t\t\t\t\t\t\t<\/div>\n\t\t\t\t\t<\/div>\n\t\t\t\t<\/div>\n\t\t\t\t<\/div>\n\t\t","protected":false},"excerpt":{"rendered":"<p>SATHIRI ver m\u00e1s YAC\u00daA ver m\u00e1s SH-27 ver m\u00e1s COPROSEM 304 ver m\u00e1s NASA ver m\u00e1s COCL\u00cd ver m\u00e1s ORYZICA-1 ver m\u00e1s SICALIS SH CL ver m\u00e1s SH COROCORA ver m\u00e1s SIKUANI SH &#8211; 27 ver m\u00e1s SIKUANI ver m\u00e1s 1 2<\/p>\n","protected":false},"author":1,"featured_media":0,"parent":0,"menu_order":0,"comment_status":"closed","ping_status":"closed","template":"elementor_header_footer","meta":{"footnotes":""},"class_list":["post-1589","page","type-page","status-publish","hentry"],"blocksy_meta":[],"_links":{"self":[{"href":"https:\/\/semillasdelhuila.com\/index.php?rest_route=\/wp\/v2\/pages\/1589","targetHints":{"allow":["GET"]}}],"collection":[{"href":"https:\/\/semillasdelhuila.com\/index.php?rest_route=\/wp\/v2\/pages"}],"about":[{"href":"https:\/\/semillasdelhuila.com\/index.php?rest_route=\/wp\/v2\/types\/page"}],"author":[{"embeddable":true,"href":"https:\/\/semillasdelhuila.com\/index.php?rest_route=\/wp\/v2\/users\/1"}],"replies":[{"embeddable":true,"href":"https:\/\/semillasdelhuila.com\/index.php?rest_route=%2Fwp%2Fv2%2Fcomments&post=1589"}],"version-history":[{"count":55,"href":"https:\/\/semillasdelhuila.com\/index.php?rest_route=\/wp\/v2\/pages\/1589\/revisions"}],"predecessor-version":[{"id":2325,"href":"https:\/\/semillasdelhuila.com\/index.php?rest_route=\/wp\/v2\/pages\/1589\/revisions\/2325"}],"wp:attachment":[{"href":"https:\/\/semillasdelhuila.com\/index.php?rest_route=%2Fwp%2Fv2%2Fmedia&parent=1589"}],"curies":[{"name":"wp","href":"https:\/\/api.w.org\/{rel}","templated":true}]}}