{"id":1542,"date":"2025-09-23T03:15:42","date_gmt":"2025-09-23T03:15:42","guid":{"rendered":"https:\/\/semillasdelhuila.com\/?page_id=1542"},"modified":"2026-01-13T21:05:22","modified_gmt":"2026-01-13T21:05:22","slug":"home-2-0","status":"publish","type":"page","link":"https:\/\/semillasdelhuila.com\/","title":{"rendered":"HOME 2.0"},"content":{"rendered":"\t\t<div data-elementor-type=\"wp-page\" data-elementor-id=\"1542\" class=\"elementor elementor-1542\" data-elementor-post-type=\"page\">\n\t\t\t\t<div class=\"elementor-element elementor-element-46f620a e-con-full e-flex e-con e-parent\" data-id=\"46f620a\" data-element_type=\"container\">\n\t\t\t\t<div class=\"elementor-element elementor-element-3705495 elementor-widget elementor-widget-html\" data-id=\"3705495\" data-element_type=\"widget\" data-widget_type=\"html.default\">\n\t\t\t\t\t  <!-- HERO -->\r\n  <section class=\"hero\">\r\n    <div class=\"hero-content\">\r\n      <h1>Semillas certificadas que impulsan el campo colombiano con los m\u00e1s altos est\u00e1ndares\u00a0de\u00a0tecnolog\u00eda<\/h1>\r\n      <a href=\"https:\/\/semillasdelhuila.com\/?page_id=1589\" class=\"btn\">Conoce m\u00e1s<\/a>\r\n    <\/div>\r\n  <\/section>\r\n\r\n  <!-- CARRUSEL -->\r\n  <section class=\"section-green\">\r\n    <div class=\"carousel-container\">\r\n      <div class=\"carousel\">\r\n        <!-- Tarjeta 1 -->\r\n        <div class=\"card\">\r\n          <div class=\"card-image\">\r\n            <img decoding=\"async\" src=\"https:\/\/semillasdelhuila.com\/wp-content\/uploads\/2025\/09\/SICALIS-SH-CL-Valles-Interandinos.png\" alt=\"Imagen 1\">\r\n          <\/div>\r\n          <div class=\"card-content\">\r\n            <h3>SICALIS SH CL<\/h3>\r\n            <p>SICALIS SH CL<\/p>\r\n            <a href=\"https:\/\/semillasdelhuila.com\/?p=1751\" class=\"card-btn\">\r\n                <span class=\"arrow\">\u2794<\/span>\r\n                <span class=\"btn-text\">Ver m\u00e1s<\/span>\r\n            <\/a>\r\n          <\/div>\r\n        <\/div>\r\n\r\n        <!-- Tarjeta 2 -->\r\n        <div class=\"card\">\r\n          <div class=\"card-image\">\r\n            <img decoding=\"async\" src=\"https:\/\/semillasdelhuila.com\/wp-content\/uploads\/2025\/09\/SH-COROCORA-Zona-ORINOQUIA.png\" alt=\"Imagen 2\">\r\n          <\/div>\r\n          <div class=\"card-content\">\r\n            <h3>SH COROCORA<\/h3>\r\n            <a href=\"https:\/\/semillasdelhuila.com\/?p=1771\" class=\"card-btn\">\r\n                <span class=\"arrow\">\u2794<\/span>\r\n                <span class=\"btn-text\">Ver m\u00e1s<\/span>\r\n            <\/a>\r\n          <\/div>\r\n        <\/div>\r\n\r\n        <!-- Tarjeta 3 -->\r\n        <div class=\"card\">\r\n          <div class=\"card-image\">\r\n            <img decoding=\"async\" src=\"https:\/\/semillasdelhuila.com\/wp-content\/uploads\/2025\/09\/COCLI.jpeg\" alt=\"Imagen 3\">\r\n          <\/div>\r\n          <div class=\"card-content\">\r\n            <h3>COCL\u00cd<\/h3>\r\n            <a href=\"https:\/\/semillasdelhuila.com\/?p=2318\" class=\"card-btn\">\r\n                <span class=\"arrow\">\u2794<\/span>\r\n                <span class=\"btn-text\">Ver m\u00e1s<\/span>\r\n            <\/a>\r\n          <\/div>\r\n        <\/div>\r\n\r\n        <!-- Tarjeta 4 -->\r\n        <div class=\"card\">\r\n          <div class=\"card-image\">\r\n            <img decoding=\"async\" src=\"https:\/\/semillasdelhuila.com\/wp-content\/uploads\/2025\/09\/SIKUANI-Zona-Llanos.png\" alt=\"Imagen 4\">\r\n          <\/div>\r\n          <div class=\"card-content\">\r\n            <h3>SIKUANI<\/h3>\r\n            <a href=\"https:\/\/semillasdelhuila.com\/?p=1796\" class=\"card-btn\">\r\n                <span class=\"arrow\">\u2794<\/span>\r\n                <span class=\"btn-text\">Ver m\u00e1s<\/span>\r\n            <\/a>\r\n          <\/div>\r\n        <\/div>\r\n      <\/div>\r\n    <\/div>\r\n  <\/section>\r\n  \r\n        <!-- SERVICIOS -->\r\n      <section class=\"section-green-2\">\r\n        <div class=\"services-section\">\r\n          <h2 class=\"services-title\">Servicios<\/h2>\r\n          <p class=\"services-text\">\r\n              En Semillas del Huila S.A. trabajamos para brindar a los agricultores e industriales semillas y materiales de la mejor calidad, respaldados por la m\u00e1s avanzada tecnolog\u00eda. Nuestro compromiso es ofrecer productos y servicios que respondan a las necesidades reales del campo colombiano. <br>La responsabilidad social y el acompa\u00f1amiento t\u00e9cnico son parte esencial de lo que hacemos. Contamos con un equipo altamente capacitado que asesora a los agricultores en la siembra y el manejo agron\u00f3mico de nuestras variedades, asegurando un cultivo m\u00e1s productivo y sostenible.\r\n\r\n          <\/p>\r\n          <h3 class=\"services-subtitle\">Prestamos servicios de:<\/h3>\r\n\r\n          <div class=\"services-list\">\r\n            <div class=\"service-item\">\r\n              <div class=\"icon\">\r\n                <img decoding=\"async\" src=\"https:\/\/semillasdelhuila.com\/wp-content\/uploads\/2025\/09\/icono_sin-fondo_1.png\" alt=\"Supervisi\u00f3n de lotes\" \/>\r\n              <\/div>\r\n              <p>Supervisi\u00f3n de lotes sembrados<br> posventa a la semilla<br>post venta semilla<\/p>\r\n            <\/div>\r\n\r\n            <div class=\"service-item\">\r\n              <div class=\"icon\">\r\n                <img decoding=\"async\" src=\"https:\/\/semillasdelhuila.com\/wp-content\/uploads\/2025\/09\/icono_sin-fondo_2.png\" alt=\"Medici\u00f3n de lotes con GPS\" \/>\r\n              <\/div>\r\n              <p>Medici\u00f3n de lotes<br>con G.P.S.<\/p>\r\n            <\/div>\r\n\r\n            <div class=\"service-item\">\r\n              <div class=\"icon\">\r\n                <img decoding=\"async\" src=\"https:\/\/semillasdelhuila.com\/wp-content\/uploads\/2025\/09\/icono_sin-fondo_3.png\" alt=\"Tratamiento de productos\" \/>\r\n              <\/div>\r\n              <p>Tratamientos con <br> productos adicionales <br> ( No incluye el valor<br> del producto)<\/p>\r\n            <\/div>\r\n\r\n            <div class=\"service-item\">\r\n              <div class=\"icon\">\r\n                <img decoding=\"async\" src=\"https:\/\/semillasdelhuila.com\/wp-content\/uploads\/2025\/09\/icono_sin-fondo_4-1.png\" alt=\"Promoci\u00f3n vigente\" \/>\r\n              <\/div>\r\n              <p>Promociones<br>vigentes<\/p>\r\n            <\/div>\r\n          <\/div>\r\n        <\/div>\r\n      <\/section>\r\n\r\n  <!-- EVENTOS -->\r\n  <section class=\"section-white\">\r\n    <h2 class=\"events-title\">Eventos<\/h2>\r\n    <p class=\"events-text\">\r\n        Creemos en el valor de generar espacios que fomenten el intercambio de experiencias, el aprendizaje en comunidad y la celebraci\u00f3n de nuestros logros. A trav\u00e9s de nuestros eventos reunimos a agricultores, aliados y colaboradores para fortalecer v\u00ednculos, impulsar el desarrollo y seguir creciendo juntos.\r\n    <\/p>\r\n\r\n    <div class=\"celebraciones\">\r\n        <div class=\"cards\">\r\n          <h3 class=\"cards-title\">D\u00eda de Campo<\/h3>\r\n          <img decoding=\"async\" src=\"https:\/\/semillasdelhuila.com\/wp-content\/uploads\/2025\/09\/Dia-de-campo.jpg\" alt=\"Celebraci\u00f3n\" class=\"cards-img\">\r\n          <a href=\"https:\/\/semillasdelhuila.com\/?p=2066\" class=\"card-btn2\">Ver m\u00e1s<\/a>\r\n        <\/div>\r\n        \r\n        <div class=\"cards\">\r\n          <h3 class=\"cards-title\">Pioneros Sicalis<\/h3>\r\n          <img decoding=\"async\" src=\"https:\/\/semillasdelhuila.com\/wp-content\/uploads\/2025\/09\/Pioneros.jpg\" alt=\"San Pedro Arrocero\" class=\"cards-img\">\r\n          <a href=\"https:\/\/semillasdelhuila.com\/?p=1992\" class=\"card-btn2\">Ver m\u00e1s<\/a>\r\n        <\/div>\r\n    <\/div>\r\n\r\n    <!-- VIDEO -->\r\n    <div class=\"video-section\">\r\n      <div class=\"video-container\">\r\n        <iframe \r\n          src=\"https:\/\/www.youtube.com\/embed\/gl-BL97NPP0\" \r\n          title=\"VIDEO OFICIAL - SEMILLAS DEL HUILA S.A.\"\r\n          frameborder=\"0\"\r\n          allow=\"accelerometer; autoplay; clipboard-write; encrypted-media; gyroscope; picture-in-picture; web-share\"\r\n          referrerpolicy=\"strict-origin-when-cross-origin\"\r\n          allowfullscreen>\r\n        <\/iframe>\r\n      <\/div>\r\n    <\/div>\r\n\r\n    <!-- LOGOS -->\r\n    <div class=\"logos-section-partners\">\r\n      <div class=\"logos-container-partners\">\r\n        <img decoding=\"async\" src=\"https:\/\/semillasdelhuila.com\/wp-content\/uploads\/2025\/09\/acosemillas_cover.jpg\" alt=\"Logo 3\" class=\"logo-partner\" alt=\"Logo 1\" class=\"logo-partner\">\r\n        <img decoding=\"async\" src=\"https:\/\/semillasdelhuila.com\/wp-content\/uploads\/2025\/09\/Imagen-de-WhatsApp-2025-09-23-a-las-15.16.06_a456aaa2.jpg\" alt=\"Logo 2\" class=\"logo-partner\">\r\n        <img decoding=\"async\" src=\"https:\/\/semillasdelhuila.com\/wp-content\/uploads\/2025\/09\/sgs-640x360-c-default.jpg\" alt=\"Logo 3\" class=\"logo-partner\">\r\n      <\/div>\r\n    <\/div>\r\n  <\/section>\t\t\t\t<\/div>\n\t\t\t\t<\/div>\n\t\t\t\t<\/div>\n\t\t","protected":false},"excerpt":{"rendered":"<p>Semillas certificadas que impulsan el campo colombiano con los m\u00e1s altos est\u00e1ndares\u00a0de\u00a0tecnolog\u00eda Conoce m\u00e1s SICALIS SH CL SICALIS SH CL \u2794 Ver m\u00e1s SH COROCORA \u2794 Ver m\u00e1s COCL\u00cd \u2794 Ver m\u00e1s SIKUANI \u2794 Ver m\u00e1s Servicios En Semillas del Huila S.A. trabajamos para brindar a los agricultores e industriales semillas y materiales de la [&hellip;]<\/p>\n","protected":false},"author":1,"featured_media":0,"parent":0,"menu_order":0,"comment_status":"closed","ping_status":"closed","template":"elementor_header_footer","meta":{"footnotes":""},"class_list":["post-1542","page","type-page","status-publish","hentry"],"blocksy_meta":[],"_links":{"self":[{"href":"https:\/\/semillasdelhuila.com\/index.php?rest_route=\/wp\/v2\/pages\/1542","targetHints":{"allow":["GET"]}}],"collection":[{"href":"https:\/\/semillasdelhuila.com\/index.php?rest_route=\/wp\/v2\/pages"}],"about":[{"href":"https:\/\/semillasdelhuila.com\/index.php?rest_route=\/wp\/v2\/types\/page"}],"author":[{"embeddable":true,"href":"https:\/\/semillasdelhuila.com\/index.php?rest_route=\/wp\/v2\/users\/1"}],"replies":[{"embeddable":true,"href":"https:\/\/semillasdelhuila.com\/index.php?rest_route=%2Fwp%2Fv2%2Fcomments&post=1542"}],"version-history":[{"count":70,"href":"https:\/\/semillasdelhuila.com\/index.php?rest_route=\/wp\/v2\/pages\/1542\/revisions"}],"predecessor-version":[{"id":2526,"href":"https:\/\/semillasdelhuila.com\/index.php?rest_route=\/wp\/v2\/pages\/1542\/revisions\/2526"}],"wp:attachment":[{"href":"https:\/\/semillasdelhuila.com\/index.php?rest_route=%2Fwp%2Fv2%2Fmedia&parent=1542"}],"curies":[{"name":"wp","href":"https:\/\/api.w.org\/{rel}","templated":true}]}}